{"id":7722,"date":"2026-03-16T08:52:58","date_gmt":"2026-03-16T08:52:58","guid":{"rendered":"https:\/\/agskupina.si\/?page_id=7722"},"modified":"2026-03-16T14:11:52","modified_gmt":"2026-03-16T14:11:52","slug":"careers","status":"publish","type":"page","link":"https:\/\/agskupina.si\/sr\/careers\/","title":{"rendered":"Slobodna radna mesta"},"content":{"rendered":"\n<div class=\"wp-block-stackable-columns alignfull stk-block-columns stk-has-bottom-separator stk-block stk-864086e stk-block-background stk--has-background-overlay\" data-block-id=\"864086e\"><style>.stk-864086e {background-image:url(https:\/\/agskupina.si\/wp-content\/uploads\/2026\/03\/careers-scaled-1.png) !important;min-height:500px !important;align-items:center !important;padding-top:var(--stk--preset--spacing--70, 3.38rem) !important;padding-right:var(--stk--preset--spacing--70, 3.38rem) !important;padding-bottom:var(--stk--preset--spacing--70, 3.38rem) !important;padding-left:var(--stk--preset--spacing--70, 3.38rem) !important;margin-bottom:0px !important;display:flex !important;}.stk-864086e:before{opacity:0 !important;}.stk-864086e > .stk-separator__bottom svg{filter:none !important;}<\/style><div class=\"stk-row stk-inner-blocks stk-block-content stk-content-align stk-864086e-column alignwide\">\n<div class=\"wp-block-stackable-column stk-block-column stk-column stk-block stk-04d990a\" data-v=\"4\" data-block-id=\"04d990a\"><style>.stk-04d990a-container{margin-top:var(--stk--preset--spacing--none, 0px) !important;margin-right:var(--stk--preset--spacing--none, 0px) !important;margin-bottom:var(--stk--preset--spacing--none, 0px) !important;margin-left:var(--stk--preset--spacing--none, 0px) !important;background-color:#ffffffe0 !important;min-height:var(--stk--preset--block-height--none, 0px) !important;}.stk-04d990a {align-self:flex-start !important;margin-top:-130px !important;}.stk-04d990a-inner-blocks{justify-content:flex-start !important;row-gap:var(--stk--preset--spacing--none, 0px) !important;}.stk-04d990a-container:before{background-color:#ffffffe0 !important;}<\/style><div class=\"stk-column-wrapper stk-block-column__content stk-container stk-04d990a-container stk-hover-parent\"><div class=\"stk--column-flex stk-block-content stk-inner-blocks stk-04d990a-inner-blocks\">\n<div class=\"wp-block-stackable-heading stk-block-heading stk-block-heading--v2 stk-block stk-5edc689\" id=\"\u0431\u0438\u0437\u043d\u0435\u0441-\u0438\u043c\u043c\u0438\u0433\u0440\u0430\u0446\u0438\" data-block-id=\"5edc689\"><h2 class=\"stk-block-heading__text has-text-align-center\">&nbsp;Slobodna radna mesta u kompaniji AG Skupina<br><\/h2><\/div>\n<\/div><\/div><\/div>\n<\/div><div class=\"stk-separator stk-separator__bottom\"><div class=\"stk-separator__wrapper\"><svg xmlns=\"http:\/\/www.w3.org\/2000\/svg\" viewBox=\"0 0 1600 200\" class=\"stk-separator__layer-1\" preserveAspectRatio=\"none\" aria-hidden=\"true\"><path class=\"slant-2_svg__st1\" d=\"M1610 39.2V209H-10V39.2l810 118.9 810-118.9z\"><\/path><\/svg><\/div><\/div><\/div>\n\n\n\n<div class=\"wp-block-stackable-columns alignfull stk-block-columns stk-block stk-7a01a1c\" data-block-id=\"7a01a1c\"><style>.stk-7a01a1c {margin-top:var(--stk--preset--spacing--70, 3.38rem) !important;margin-bottom:var(--stk--preset--spacing--70, 3.38rem) !important;}<\/style><div class=\"stk-row stk-inner-blocks stk-block-content stk-content-align stk-7a01a1c-column alignwide\">\n<div class=\"wp-block-stackable-column stk-block-column stk-column stk-block stk-6b66b21\" data-v=\"4\" data-block-id=\"6b66b21\"><style>@media screen and (max-width: 767px){.stk-6b66b21-inner-blocks{row-gap:var(--stk--preset--spacing--none, 0px) !important;}.stk-6b66b21 {padding-top:var(--stk--preset--spacing--none, 0px) !important;padding-right:var(--stk--preset--spacing--none, 0px) !important;padding-bottom:var(--stk--preset--spacing--none, 0px) !important;padding-left:var(--stk--preset--spacing--none, 0px) !important;margin-top:var(--stk--preset--spacing--none, 0px) !important;margin-right:var(--stk--preset--spacing--40, 1rem) !important;margin-left:var(--stk--preset--spacing--40, 1rem) !important;}}<\/style><div class=\"stk-column-wrapper stk-block-column__content stk-container stk-6b66b21-container stk--no-background stk--no-padding\"><div class=\"stk-block-content stk-inner-blocks stk-6b66b21-inner-blocks\">\n<div class=\"wp-block-stackable-subtitle stk-block-subtitle stk-block stk-a32650b\" data-block-id=\"a32650b\"><style>.stk-a32650b {margin-bottom:0px !important;}.stk-a32650b .stk-block-subtitle__text{text-transform:uppercase !important;}<\/style><p class=\"stk-block-subtitle__text stk-subtitle has-text-align-left\"><\/p><\/div>\n\n\n\n<div class=\"wp-block-stackable-heading stk-block-heading stk-block-heading--v2 stk-block stk-21df538\" id=\"heading-placeholder\" data-block-id=\"21df538\"><h2 class=\"stk-block-heading__text\">Slobodna radna mesta<\/h2><\/div>\n\n\n\n<div class=\"wp-block-stackable-columns stk-block-columns stk-block stk-2b9918d\" data-block-id=\"2b9918d\"><style>.stk-2b9918d {border-style:solid !important;border-right-width:0px !important;border-bottom-width:0px !important;border-left-width:0px !important;padding-top:var(--stk--preset--spacing--40, 1rem) !important;padding-bottom:var(--stk--preset--spacing--40, 1rem) !important;margin-bottom:var(--stk--preset--spacing--40, 30px) !important;}.stk-2b9918d-column{--stk-columns-spacing:var(--stk--preset--spacing--none, 0px) !important;}<\/style><div class=\"stk-row stk-inner-blocks stk-block-content stk-content-align stk-2b9918d-column\">\n<div class=\"wp-block-stackable-column stk-block-column stk-column stk-block stk-847d679\" data-v=\"4\" data-block-id=\"847d679\"><div class=\"stk-column-wrapper stk-block-column__content stk-container stk-847d679-container stk--no-background stk--no-padding\"><div class=\"stk-block-content stk-inner-blocks stk-847d679-inner-blocks\">\n<div class=\"wp-block-stackable-heading stk-block-heading stk-block-heading--v2 stk-block stk-0bd5758\" id=\"title-1-placeholder\" data-block-id=\"0bd5758\"><style>.stk-0bd5758 .stk-block-heading__text{font-size:26px !important;color:var(--global-palette1, var(--global-palette1)) !important;}@media screen and (max-width: 1023px){.stk-0bd5758 .stk-block-heading__text{font-size:26px !important;}}<\/style><h3 class=\"stk-block-heading__text has-text-color\">Komercijalista za tr\u017ei\u0161ta Zapadnog Balkana<\/h3><\/div>\n\n\n\n<p class=\"\">Kompanija AG skupina d.o.o. poziva u svoj tim komercijalistu sa znanjem srpskog jezika.<\/p>\n<\/div><\/div><\/div>\n\n\n\n<div class=\"wp-block-stackable-column stk-block-column stk-column stk-block stk-ef66e1a\" data-v=\"4\" data-block-id=\"ef66e1a\"><div class=\"stk-column-wrapper stk-block-column__content stk-container stk-ef66e1a-container stk--no-background stk--no-padding\"><div class=\"stk-block-content stk-inner-blocks stk-ef66e1a-inner-blocks\">\n<div class=\"wp-block-stackable-text stk-block-text stk-block stk-59dc664\" data-block-id=\"59dc664\"><p class=\"stk-block-text__text\"><strong>Opis poslova i zadataka:<\/strong><\/p><\/div>\n\n\n\n<ul class=\"wp-block-list\">\n<li>prodaja usluga kompanije.<\/li>\n\n\n\n<li>briga o klijentima i stru\u010dno savetovanje<\/li>\n\n\n\n<li>priprema i zaklju\u010divanje ugovora<\/li>\n\n\n\n<li>rad sa dokumentacijom i drugi administrativni poslovi.<\/li>\n<\/ul>\n\n\n\n<div class=\"wp-block-stackable-text stk-block-text stk-block stk-ac2de86\" data-block-id=\"ac2de86\"><p class=\"stk-block-text__text\"><strong><strong>Obrazovanje<\/strong>:<\/strong><\/p><\/div>\n\n\n\n<ul class=\"wp-block-list\">\n<li>vi\u0161a \u0161kola, visoko obrazovanje i sl.<\/li>\n\n\n\n<li>Po\u017eeljno obrazovanje iz oblasti ekonomije, poslovanja i upravljanja, menad\u017ementa, organizacije i srodnih oblasti.<\/li>\n<\/ul>\n\n\n\n<div class=\"wp-block-stackable-text stk-block-text stk-block stk-9b0e1b3\" data-block-id=\"9b0e1b3\"><p class=\"stk-block-text__text\"><strong>Trajanje zaposlenja:<\/strong><\/p><\/div>\n\n\n\n<ul class=\"wp-block-list\">\n<li>na odre\u0111eno vreme od 1 godine, uz mogu\u0107nost produ\u017eenja.<\/li>\n<\/ul>\n\n\n\n<div class=\"wp-block-stackable-text stk-block-text stk-block stk-6b56e5e\" data-block-id=\"6b56e5e\"><p class=\"stk-block-text__text\"><strong>Radno iskustvo:<\/strong><\/p><\/div>\n\n\n\n<ul class=\"wp-block-list\">\n<li>obavezno iskustvo u prodaji \u2013 po\u017eeljno u prodaji usluga i iskustvo u radu sa klijentima.<\/li>\n<\/ul>\n\n\n\n<div class=\"wp-block-stackable-text stk-block-text stk-block stk-aa486c0\" data-block-id=\"aa486c0\"><p class=\"stk-block-text__text\"><strong>Potrebno znanje jezika:<\/strong><\/p><\/div>\n\n\n\n<ul class=\"wp-block-list\">\n<li>znanje slovena\u010dkog, srpskog i engleskog jezika.<\/li>\n<\/ul>\n\n\n\n<div class=\"wp-block-stackable-text stk-block-text stk-block stk-33f2356\" data-block-id=\"33f2356\"><p class=\"stk-block-text__text\"><strong>Ostala znanja:<\/strong><\/p><\/div>\n\n\n\n<ul class=\"wp-block-list\">\n<li>rad na ra\u010dunaru \u2013 osnovno<\/li>\n\n\n\n<li>rad sa tabelama (spreadsheets) \u2013 osnovno<\/li>\n\n\n\n<li>rad sa bazama podataka \u2013 osnovno.<\/li>\n<\/ul>\n\n\n\n<div class=\"wp-block-stackable-text stk-block-text stk-block stk-d5cff76\" data-block-id=\"d5cff76\"><p class=\"stk-block-text__text\"><strong>Radno mesto: <\/strong>Ljubljana.<\/p><\/div>\n<\/div><\/div><\/div>\n<\/div><\/div>\n\n\n\n<div class=\"wp-block-stackable-columns stk-block-columns stk-block stk-8fea666\" data-block-id=\"8fea666\"><style>.stk-8fea666 {border-style:solid !important;border-right-width:0px !important;border-bottom-width:0px !important;border-left-width:0px !important;padding-top:var(--stk--preset--spacing--40, 30px) !important;padding-bottom:var(--stk--preset--spacing--40, 30px) !important;}.stk-8fea666-column{--stk-columns-spacing:var(--stk--preset--spacing--none, 0px) !important;}<\/style><div class=\"stk-row stk-inner-blocks stk-block-content stk-content-align stk-8fea666-column\">\n<div class=\"wp-block-stackable-column stk-block-column stk-column stk-block stk-04dd7a0\" data-v=\"4\" data-block-id=\"04dd7a0\"><div class=\"stk-column-wrapper stk-block-column__content stk-container stk-04dd7a0-container stk--no-background stk--no-padding\"><div class=\"stk-block-content stk-inner-blocks stk-04dd7a0-inner-blocks\">\n<div class=\"wp-block-stackable-heading stk-block-heading stk-block-heading--v2 stk-block stk-ff0f3c2\" id=\"heading-placeholder\" data-block-id=\"ff0f3c2\"><style>.stk-ff0f3c2 {margin-bottom:15px !important;}<\/style><h2 class=\"stk-block-heading__text\">Kako poslati svoju biografiju<\/h2><\/div>\n\n\n\n<div class=\"wp-block-stackable-text stk-block-text stk-block stk-5120574\" data-block-id=\"5120574\"><p class=\"stk-block-text__text\">Po\u0161aljite prijavu sa biografijom (CV) na:<br> \ud83d\udd82  E-mail: <a href=\"mailto:info@agskupina.si\">info@agskupina.si<\/a><br>U temi pisma napi\u0161ite: Slobodno radno mesto \u2013 (naziv radnog mesta)<\/p><\/div>\n<\/div><\/div><\/div>\n<\/div><\/div>\n<\/div><\/div><\/div>\n<\/div><\/div>\n\n\n\n<p class=\"\"><\/p>\n","protected":false},"excerpt":{"rendered":"<p>&nbsp;Slobodna radna mesta u kompaniji AG Skupina Slobodna radna mesta Komercijalista za tr\u017ei\u0161ta Zapadnog Balkana Kompanija AG skupina d.o.o. poziva u svoj tim komercijalistu sa znanjem srpskog jezika. Opis poslova i zadataka: Obrazovanje: Trajanje zaposlenja: Radno iskustvo: Potrebno znanje jezika: Ostala znanja: Radno mesto: Ljubljana. Kako poslati svoju biografiju Po\u0161aljite prijavu sa biografijom (CV) na:&#8230;<\/p>\n","protected":false},"author":1,"featured_media":0,"parent":0,"menu_order":0,"comment_status":"closed","ping_status":"closed","template":"","meta":{"_kad_blocks_custom_css":"","_kad_blocks_head_custom_js":"","_kad_blocks_body_custom_js":"","_kad_blocks_footer_custom_js":"","_kadence_starter_templates_imported_post":false,"_kad_post_transparent":"","_kad_post_title":"hide","_kad_post_layout":"fullwidth","_kad_post_sidebar_id":"","_kad_post_content_style":"","_kad_post_vertical_padding":"","_kad_post_feature":"","_kad_post_feature_position":"","_kad_post_header":false,"_kad_post_footer":false,"footnotes":""},"class_list":["post-7722","page","type-page","status-publish","hentry"],"yoast_head":"<!-- This site is optimized with the Yoast SEO Premium plugin v26.7 (Yoast SEO v26.7) - https:\/\/yoast.com\/wordpress\/plugins\/seo\/ -->\n<title>Slobodna radna mesta -<\/title>\n<meta name=\"robots\" content=\"index, follow, max-snippet:-1, max-image-preview:large, max-video-preview:-1\" \/>\n<link rel=\"canonical\" href=\"https:\/\/agskupina.si\/sr\/careers\/\" \/>\n<meta property=\"og:locale\" content=\"sr_RS\" \/>\n<meta property=\"og:type\" content=\"article\" \/>\n<meta property=\"og:title\" content=\"Slobodna radna mesta\" \/>\n<meta property=\"og:description\" content=\"&nbsp;Slobodna radna mesta u kompaniji AG Skupina Slobodna radna mesta Komercijalista za tr\u017ei\u0161ta Zapadnog Balkana Kompanija AG skupina d.o.o. poziva u svoj tim komercijalistu sa znanjem srpskog jezika. Opis poslova i zadataka: Obrazovanje: Trajanje zaposlenja: Radno iskustvo: Potrebno znanje jezika: Ostala znanja: Radno mesto: Ljubljana. Kako poslati svoju biografiju Po\u0161aljite prijavu sa biografijom (CV) na:...\" \/>\n<meta property=\"og:url\" content=\"https:\/\/agskupina.si\/sr\/careers\/\" \/>\n<meta property=\"article:modified_time\" content=\"2026-03-16T14:11:52+00:00\" \/>\n<meta name=\"twitter:card\" content=\"summary_large_image\" \/>\n<meta name=\"twitter:label1\" content=\"\u041f\u0440\u043e\u0446\u0435\u045a\u0435\u043d\u043e \u0432\u0440\u0435\u043c\u0435 \u0447\u0438\u0442\u0430\u045a\u0430\" \/>\n\t<meta name=\"twitter:data1\" content=\"1 \u043c\u0438\u043d\u0443\u0442\" \/>\n<script type=\"application\/ld+json\" class=\"yoast-schema-graph\">{\"@context\":\"https:\/\/schema.org\",\"@graph\":[{\"@type\":\"WebPage\",\"@id\":\"https:\/\/agskupina.si\/sr\/careers\/\",\"url\":\"https:\/\/agskupina.si\/sr\/careers\/\",\"name\":\"Slobodna radna mesta -\",\"isPartOf\":{\"@id\":\"https:\/\/agskupina.si\/#website\"},\"datePublished\":\"2026-03-16T08:52:58+00:00\",\"dateModified\":\"2026-03-16T14:11:52+00:00\",\"breadcrumb\":{\"@id\":\"https:\/\/agskupina.si\/sr\/careers\/#breadcrumb\"},\"inLanguage\":\"sr-RS\",\"potentialAction\":[{\"@type\":\"ReadAction\",\"target\":[\"https:\/\/agskupina.si\/sr\/careers\/\"]}]},{\"@type\":\"BreadcrumbList\",\"@id\":\"https:\/\/agskupina.si\/sr\/careers\/#breadcrumb\",\"itemListElement\":[{\"@type\":\"ListItem\",\"position\":1,\"name\":\"Home\",\"item\":\"https:\/\/agskupina.si\/sr\/\"},{\"@type\":\"ListItem\",\"position\":2,\"name\":\"Slobodna radna mesta\"}]},{\"@type\":\"WebSite\",\"@id\":\"https:\/\/agskupina.si\/#website\",\"url\":\"https:\/\/agskupina.si\/\",\"name\":\"\",\"description\":\"\",\"potentialAction\":[{\"@type\":\"SearchAction\",\"target\":{\"@type\":\"EntryPoint\",\"urlTemplate\":\"https:\/\/agskupina.si\/?s={search_term_string}\"},\"query-input\":{\"@type\":\"PropertyValueSpecification\",\"valueRequired\":true,\"valueName\":\"search_term_string\"}}],\"inLanguage\":\"sr-RS\"}]}<\/script>\n<!-- \/ Yoast SEO Premium plugin. -->","yoast_head_json":{"title":"Slobodna radna mesta -","robots":{"index":"index","follow":"follow","max-snippet":"max-snippet:-1","max-image-preview":"max-image-preview:large","max-video-preview":"max-video-preview:-1"},"canonical":"https:\/\/agskupina.si\/sr\/careers\/","og_locale":"sr_RS","og_type":"article","og_title":"Slobodna radna mesta","og_description":"&nbsp;Slobodna radna mesta u kompaniji AG Skupina Slobodna radna mesta Komercijalista za tr\u017ei\u0161ta Zapadnog Balkana Kompanija AG skupina d.o.o. poziva u svoj tim komercijalistu sa znanjem srpskog jezika. Opis poslova i zadataka: Obrazovanje: Trajanje zaposlenja: Radno iskustvo: Potrebno znanje jezika: Ostala znanja: Radno mesto: Ljubljana. Kako poslati svoju biografiju Po\u0161aljite prijavu sa biografijom (CV) na:...","og_url":"https:\/\/agskupina.si\/sr\/careers\/","article_modified_time":"2026-03-16T14:11:52+00:00","twitter_card":"summary_large_image","twitter_misc":{"\u041f\u0440\u043e\u0446\u0435\u045a\u0435\u043d\u043e \u0432\u0440\u0435\u043c\u0435 \u0447\u0438\u0442\u0430\u045a\u0430":"1 \u043c\u0438\u043d\u0443\u0442"},"schema":{"@context":"https:\/\/schema.org","@graph":[{"@type":"WebPage","@id":"https:\/\/agskupina.si\/sr\/careers\/","url":"https:\/\/agskupina.si\/sr\/careers\/","name":"Slobodna radna mesta -","isPartOf":{"@id":"https:\/\/agskupina.si\/#website"},"datePublished":"2026-03-16T08:52:58+00:00","dateModified":"2026-03-16T14:11:52+00:00","breadcrumb":{"@id":"https:\/\/agskupina.si\/sr\/careers\/#breadcrumb"},"inLanguage":"sr-RS","potentialAction":[{"@type":"ReadAction","target":["https:\/\/agskupina.si\/sr\/careers\/"]}]},{"@type":"BreadcrumbList","@id":"https:\/\/agskupina.si\/sr\/careers\/#breadcrumb","itemListElement":[{"@type":"ListItem","position":1,"name":"Home","item":"https:\/\/agskupina.si\/sr\/"},{"@type":"ListItem","position":2,"name":"Slobodna radna mesta"}]},{"@type":"WebSite","@id":"https:\/\/agskupina.si\/#website","url":"https:\/\/agskupina.si\/","name":"","description":"","potentialAction":[{"@type":"SearchAction","target":{"@type":"EntryPoint","urlTemplate":"https:\/\/agskupina.si\/?s={search_term_string}"},"query-input":{"@type":"PropertyValueSpecification","valueRequired":true,"valueName":"search_term_string"}}],"inLanguage":"sr-RS"}]}},"taxonomy_info":[],"featured_image_src_large":false,"author_info":{"display_name":"glain","author_link":"https:\/\/agskupina.si\/sr\/author\/glain\/"},"comment_info":0,"_links":{"self":[{"href":"https:\/\/agskupina.si\/sr\/wp-json\/wp\/v2\/pages\/7722","targetHints":{"allow":["GET"]}}],"collection":[{"href":"https:\/\/agskupina.si\/sr\/wp-json\/wp\/v2\/pages"}],"about":[{"href":"https:\/\/agskupina.si\/sr\/wp-json\/wp\/v2\/types\/page"}],"author":[{"embeddable":true,"href":"https:\/\/agskupina.si\/sr\/wp-json\/wp\/v2\/users\/1"}],"replies":[{"embeddable":true,"href":"https:\/\/agskupina.si\/sr\/wp-json\/wp\/v2\/comments?post=7722"}],"version-history":[{"count":2,"href":"https:\/\/agskupina.si\/sr\/wp-json\/wp\/v2\/pages\/7722\/revisions"}],"predecessor-version":[{"id":7729,"href":"https:\/\/agskupina.si\/sr\/wp-json\/wp\/v2\/pages\/7722\/revisions\/7729"}],"wp:attachment":[{"href":"https:\/\/agskupina.si\/sr\/wp-json\/wp\/v2\/media?parent=7722"}],"curies":[{"name":"wp","href":"https:\/\/api.w.org\/{rel}","templated":true}]}}